{"id":3,"date":"2025-07-31T17:50:05","date_gmt":"2025-07-31T17:50:05","guid":{"rendered":"http:\/\/studio-monaliza.com\/?page_id=3"},"modified":"2025-12-26T02:07:54","modified_gmt":"2025-12-26T02:07:54","slug":"privacy-policy","status":"publish","type":"page","link":"https:\/\/studio-monaliza.com\/en\/privacy-policy\/","title":{"rendered":"Privacy Policy"},"content":{"rendered":"<h2 class=\"wp-block-heading\" style=\"text-transform:capitalize\">Who are we?<\/h2>\n\n\n\n<p>We are <em>Studio Monaliza<\/em>, a beauty salon in Gjakova.<br>Our website address is: <a href=\"https:\/\/studio-monaliza.com\/en\/\">https:\/\/studio-monaliza.com<\/a><\/p>\n\n\n\n<h2 class=\"wp-block-heading\" style=\"text-transform:capitalize\">What data do we collect?<\/h2>\n\n\n\n<p>When visitors fill out the contact form, we collect their name, email address, and message only to respond to their requests. We <strong>we do not share this data with third parties<\/strong>.<\/p>\n\n\n\n<p>However, our site may use <strong>Meta Business Suite (Facebook dhe Instagram Ads) etj<\/strong> for managing advertising campaigns. This means that Meta may collect anonymous data (such as cookies, IP, or page visits) for advertising targeting purposes.<br>This data <strong>does not include personal information sent through the contact form.<\/strong><\/p>\n\n\n\n<p>Our website may also use Google Ads services, including Google Lead Forms, to collect contact information for marketing and appointment booking purposes. The data submitted through Google Lead Forms is used only to contact users regarding our beauty services and is not shared with third parties.<\/p>\n\n\n\n<h2 class=\"wp-block-heading\" style=\"text-transform:capitalize\">Integrated content from other sites \u2013 Media<\/h2>\n\n\n\n<p>Our site may contain videos, photos or posts from other sites (e.g. Instagram or YouTube)<br>These external sites may collect data about you in accordance with their privacy policies.<\/p>\n\n\n\n<h2 class=\"wp-block-heading\" style=\"text-transform:capitalize\">Cookies<\/h2>\n\n\n\n<p>Our website may use \"cookies\" for technical functions (e.g. to store browsing preferences).<br>Visitors can disable cookies at any time through their browser settings.<\/p>\n\n\n\n<h2 class=\"wp-block-heading\" style=\"text-transform:capitalize\">How long do we store data?<\/h2>\n\n\n\n<p>Data sent through the contact form <strong>are not stored on our website server<\/strong>.<br>They are sent only to our email address and stored in the usual way in Gmail, as part of your communication with us. They are stored only for as long as necessary for communication and services, a maximum of 24 months, or until the user requests deletion.<\/p>\n\n\n\n<h2 class=\"wp-block-heading\" style=\"text-transform:capitalize\">Your Rights<\/h2>\n\n\n\n<p>If you have sent a message through our form, you may request that:<\/p>\n\n\n\n<ul class=\"wp-block-list\">\n<li>to receive a copy of your personal data that we hold,<\/li>\n\n\n\n<li>or request that they be deleted at any time. If you have not received a response within 14 days, please try contacting us again.<\/li>\n<\/ul>\n\n\n\n<p>To do this, you can contact us at our email address below.<\/p>\n\n\n\n<p>Email: info@studio-monaliza.com, Phone number: +38344371362<\/p>\n\n\n\n<h2 class=\"wp-block-heading\" style=\"text-transform:capitalize\">Where is your data sent?<\/h2>\n\n\n\n<p>Messages sent through the contact form may be checked for spam through automatic filtering services.<\/p>\n\n\n\n<p><strong>This privacy policy was last updated on: October 2025.<\/strong><\/p>","protected":false},"excerpt":{"rendered":"<p>Kush jemi ne Ne jemi Studio Monaliza, nj\u00eb sallon bukurie n\u00eb Gjakov\u00eb.Adresa jon\u00eb e faqes s\u00eb internetit \u00ebsht\u00eb: https:\/\/studio-monaliza.com \u00c7far\u00eb t\u00eb dh\u00ebnash mbledhim Kur vizitor\u00ebt plot\u00ebsojn\u00eb formularin e kontaktit, ne mbledhim emrin, adres\u00ebn e emailit dhe mesazhin e tyre vet\u00ebm p\u00ebr t\u2019iu p\u00ebrgjigjur k\u00ebrkesave t\u00eb tyre. Ne nuk i ndajm\u00eb k\u00ebto t\u00eb dh\u00ebna me pal\u00eb [&hellip;]<\/p>","protected":false},"author":1,"featured_media":0,"parent":0,"menu_order":0,"comment_status":"closed","ping_status":"open","template":"","meta":{"_uag_custom_page_level_css":"","site-sidebar-layout":"default","site-content-layout":"","ast-site-content-layout":"default","site-content-style":"default","site-sidebar-style":"default","ast-global-header-display":"","ast-banner-title-visibility":"","ast-main-header-display":"","ast-hfb-above-header-display":"","ast-hfb-below-header-display":"","ast-hfb-mobile-header-display":"","site-post-title":"","ast-breadcrumbs-content":"","ast-featured-img":"","footer-sml-layout":"","theme-transparent-header-meta":"","adv-header-id-meta":"","stick-header-meta":"","header-above-stick-meta":"","header-main-stick-meta":"","header-below-stick-meta":"","astra-migrate-meta-layouts":"set","ast-page-background-enabled":"default","ast-page-background-meta":{"desktop":{"background-color":"","background-image":"","background-repeat":"repeat","background-position":"center center","background-size":"auto","background-attachment":"scroll","background-type":"","background-media":"","overlay-type":"","overlay-color":"","overlay-opacity":"","overlay-gradient":""},"tablet":{"background-color":"","background-image":"","background-repeat":"repeat","background-position":"center center","background-size":"auto","background-attachment":"scroll","background-type":"","background-media":"","overlay-type":"","overlay-color":"","overlay-opacity":"","overlay-gradient":""},"mobile":{"background-color":"","background-image":"","background-repeat":"repeat","background-position":"center center","background-size":"auto","background-attachment":"scroll","background-type":"","background-media":"","overlay-type":"","overlay-color":"","overlay-opacity":"","overlay-gradient":""}},"ast-content-background-meta":{"desktop":{"background-color":"var(--ast-global-color-5)","background-image":"","background-repeat":"repeat","background-position":"center center","background-size":"auto","background-attachment":"scroll","background-type":"","background-media":"","overlay-type":"","overlay-color":"","overlay-opacity":"","overlay-gradient":""},"tablet":{"background-color":"var(--ast-global-color-5)","background-image":"","background-repeat":"repeat","background-position":"center center","background-size":"auto","background-attachment":"scroll","background-type":"","background-media":"","overlay-type":"","overlay-color":"","overlay-opacity":"","overlay-gradient":""},"mobile":{"background-color":"var(--ast-global-color-5)","background-image":"","background-repeat":"repeat","background-position":"center center","background-size":"auto","background-attachment":"scroll","background-type":"","background-media":"","overlay-type":"","overlay-color":"","overlay-opacity":"","overlay-gradient":""}},"footnotes":""},"class_list":["post-3","page","type-page","status-publish","hentry"],"aioseo_notices":[],"uagb_featured_image_src":{"full":false,"thumbnail":false,"medium":false,"medium_large":false,"large":false,"1536x1536":false,"2048x2048":false,"trp-custom-language-flag":false},"uagb_author_info":{"display_name":"komanijon372@gmail.com","author_link":"https:\/\/studio-monaliza.com\/en\/author\/komanijon372gmail-com\/"},"uagb_comment_info":0,"uagb_excerpt":"Kush jemi ne Ne jemi Studio Monaliza, nj\u00eb sallon bukurie n\u00eb Gjakov\u00eb.Adresa jon\u00eb e faqes s\u00eb internetit \u00ebsht\u00eb: https:\/\/studio-monaliza.com \u00c7far\u00eb t\u00eb dh\u00ebnash mbledhim Kur vizitor\u00ebt plot\u00ebsojn\u00eb formularin e kontaktit, ne mbledhim emrin, adres\u00ebn e emailit dhe mesazhin e tyre vet\u00ebm p\u00ebr t\u2019iu p\u00ebrgjigjur k\u00ebrkesave t\u00eb tyre. Ne nuk i ndajm\u00eb k\u00ebto t\u00eb dh\u00ebna me pal\u00eb&hellip;","_links":{"self":[{"href":"https:\/\/studio-monaliza.com\/en\/wp-json\/wp\/v2\/pages\/3","targetHints":{"allow":["GET"]}}],"collection":[{"href":"https:\/\/studio-monaliza.com\/en\/wp-json\/wp\/v2\/pages"}],"about":[{"href":"https:\/\/studio-monaliza.com\/en\/wp-json\/wp\/v2\/types\/page"}],"author":[{"embeddable":true,"href":"https:\/\/studio-monaliza.com\/en\/wp-json\/wp\/v2\/users\/1"}],"replies":[{"embeddable":true,"href":"https:\/\/studio-monaliza.com\/en\/wp-json\/wp\/v2\/comments?post=3"}],"version-history":[{"count":3,"href":"https:\/\/studio-monaliza.com\/en\/wp-json\/wp\/v2\/pages\/3\/revisions"}],"predecessor-version":[{"id":1945,"href":"https:\/\/studio-monaliza.com\/en\/wp-json\/wp\/v2\/pages\/3\/revisions\/1945"}],"wp:attachment":[{"href":"https:\/\/studio-monaliza.com\/en\/wp-json\/wp\/v2\/media?parent=3"}],"curies":[{"name":"wp","href":"https:\/\/api.w.org\/{rel}","templated":true}]}}