{"id":218,"date":"2025-07-31T17:50:55","date_gmt":"2025-07-31T17:50:55","guid":{"rendered":"http:\/\/studio-monaliza.com\/about\/"},"modified":"2025-08-12T16:04:08","modified_gmt":"2025-08-12T16:04:08","slug":"about","status":"publish","type":"page","link":"https:\/\/studio-monaliza.com\/en\/about\/","title":{"rendered":"About"},"content":{"rendered":"<div class=\"wp-block-uagb-container uagb-block-f6474934 alignfull uagb-is-root-container\"><div class=\"uagb-container-inner-blocks-wrap\">\n<div class=\"wp-block-uagb-advanced-heading uagb-block-b47deef7\"><h1 class=\"uagb-heading-text\">About us<\/h1><\/div>\n<\/div><\/div>\n\n\n\n<div class=\"wp-block-uagb-container uagb-block-da5d164a alignfull uagb-is-root-container\"><div class=\"uagb-container-inner-blocks-wrap\">\n<div class=\"wp-block-uagb-advanced-heading uagb-block-7d9c3655\"><h2 class=\"uagb-heading-text\">Open since 2000<\/h2><\/div>\n\n\n\n<div class=\"wp-block-uagb-container uagb-block-fdfc0364\">\n<div class=\"wp-block-uagb-info-box uagb-block-0ef86749 uagb-infobox__content-wrap  uagb-infobox-icon-above-title uagb-infobox-image-valign-top\"><div class=\"uagb-ifb-content\"><div class=\"uagb-ifb-title-wrap\"><span class=\"uagb-ifb-title-prefix\"><strong>About Us - Studio Monaliza<\/strong><\/span><\/div><p class=\"uagb-ifb-desc\">Studio Monaliza is more than just a beauty salon \u2013 it\u2019s a space where professionalism, dedication, and beauty come together to create a truly special experience for every client.\nWe specialize in a wide range of beauty services, including <strong>professional makeup, permanent makeup, hair styling and coloring, nail and eyelash treatments<\/strong>, as well as many others.<br><br>With a warm environment designed for comfort, we put the client at the center of every service. Our work is based on <strong>certified products and advanced technology,<\/strong>delivering safe, lasting, and personalized results.<br><br>Whether you\u2019re preparing for an important day or simply want to feel your best, we are here to help you showcase the very best version of yourself.<br><br>\u2728 <strong>Studio Monaliza \u2013 Where style, skill, and self-care unite.<\/strong><br>We welcome you with love and professionalism!<br><\/p><\/div><\/div>\n\n\n\n<div class=\"wp-block-uagb-advanced-heading uagb-block-930e46bc\"><h3 class=\"uagb-heading-text\">Vilma Komani<\/h3><\/div>\n<\/div>\n<\/div><\/div>\n\n\n\n<div class=\"wp-block-uagb-container uagb-layout-grid uagb-block-e28cfc75 alignfull uagb-is-root-container\"><div class=\"uagb-container-inner-blocks-wrap\">\n<div class=\"wp-block-uagb-advanced-heading uagb-block-eda63079\"><h2 class=\"uagb-heading-text\"><strong>MISSION<\/strong><\/h2><p class=\"uagb-desc-text\">Our goal is to offer beauty and wellness services of the highest standard, bringing out the unique beauty of every client through attentive care, premium products, and a soothing environment.<\/p><\/div>\n\n\n\n<div class=\"wp-block-uagb-advanced-heading uagb-block-85427a9f\"><h2 class=\"uagb-heading-text\"><strong>VISION<\/strong><\/h2><p class=\"uagb-desc-text\">To become the first choice for beauty services, recognized for innovation, style, and personalized care that inspires confidence and happiness in every client.<\/p><\/div>\n\n\n\n<div class=\"wp-block-uagb-container uagb-block-f0a15929\">\n<div class=\"wp-block-uagb-advanced-heading uagb-block-148f71c6\"><h2 class=\"uagb-heading-text\">Values<\/h2><\/div>\n\n\n\n<ul class=\"wp-block-list\">\n<li><strong>Professionalism<\/strong>&nbsp;\u2013 Premium service with care and excellence at every stage.<\/li>\n\n\n\n<li><strong>Creativity<\/strong>&nbsp;\u2013 Unique solutions and styles for each client.<\/li>\n\n\n\n<li><strong>Respect<\/strong>&nbsp;\u2013 Respecting the individuality and needs of each client.<\/li>\n\n\n\n<li><strong>Quality<\/strong>&nbsp;\u2013 Use of certified products and modern techniques.<\/li>\n\n\n\n<li><strong>Positivity<\/strong>&nbsp;\u2013 We create a warm and inspiring environment.<\/li>\n<\/ul>\n<\/div>\n<\/div><\/div>\n\n\n\n<p><\/p>","protected":false},"excerpt":{"rendered":"<p>Rreth nesh\u200b Hapur nga viti 2000\u200b Vilma Komani Misioni T\u00eb ofrojm\u00eb sh\u00ebrbime bukurie dhe mir\u00ebqenieje me standarde t\u00eb larta, duke nxjerr\u00eb n\u00eb pah bukurin\u00eb unike t\u00eb \u00e7do klienti p\u00ebrmes kujdesit profesional, produkteve cil\u00ebsore dhe nj\u00eb atmosfere relaksuese. Vizioni T\u00eb b\u00ebhemi zgjedhja e par\u00eb p\u00ebr sh\u00ebrbime bukurie,&nbsp;t\u00eb njohur p\u00ebr inovacion, stil dhe kujdes t\u00eb personalizuar q\u00eb [&hellip;]<\/p>","protected":false},"author":1,"featured_media":0,"parent":0,"menu_order":0,"comment_status":"closed","ping_status":"closed","template":"","meta":{"_uag_custom_page_level_css":"","site-sidebar-layout":"no-sidebar","site-content-layout":"plain-container","ast-site-content-layout":"full-width-container","site-content-style":"unboxed","site-sidebar-style":"unboxed","ast-global-header-display":"","ast-banner-title-visibility":"","ast-main-header-display":"","ast-hfb-above-header-display":"","ast-hfb-below-header-display":"","ast-hfb-mobile-header-display":"","site-post-title":"disabled","ast-breadcrumbs-content":"","ast-featured-img":"disabled","footer-sml-layout":"","theme-transparent-header-meta":"enabled","adv-header-id-meta":"","stick-header-meta":"","header-above-stick-meta":"","header-main-stick-meta":"","header-below-stick-meta":"","astra-migrate-meta-layouts":"set","ast-page-background-enabled":"default","ast-page-background-meta":{"desktop":{"background-color":"","background-image":"","background-repeat":"repeat","background-position":"center center","background-size":"auto","background-attachment":"scroll","background-type":"","background-media":"","overlay-type":"","overlay-color":"","overlay-opacity":"","overlay-gradient":""},"tablet":{"background-color":"","background-image":"","background-repeat":"repeat","background-position":"center center","background-size":"auto","background-attachment":"scroll","background-type":"","background-media":"","overlay-type":"","overlay-color":"","overlay-opacity":"","overlay-gradient":""},"mobile":{"background-color":"","background-image":"","background-repeat":"repeat","background-position":"center center","background-size":"auto","background-attachment":"scroll","background-type":"","background-media":"","overlay-type":"","overlay-color":"","overlay-opacity":"","overlay-gradient":""}},"ast-content-background-meta":{"desktop":{"background-color":"var(--ast-global-color-5)","background-image":"","background-repeat":"repeat","background-position":"center center","background-size":"auto","background-attachment":"scroll","background-type":"","background-media":"","overlay-type":"","overlay-color":"","overlay-opacity":"","overlay-gradient":""},"tablet":{"background-color":"var(--ast-global-color-5)","background-image":"","background-repeat":"repeat","background-position":"center center","background-size":"auto","background-attachment":"scroll","background-type":"","background-media":"","overlay-type":"","overlay-color":"","overlay-opacity":"","overlay-gradient":""},"mobile":{"background-color":"var(--ast-global-color-5)","background-image":"","background-repeat":"repeat","background-position":"center center","background-size":"auto","background-attachment":"scroll","background-type":"","background-media":"","overlay-type":"","overlay-color":"","overlay-opacity":"","overlay-gradient":""}},"footnotes":""},"class_list":["post-218","page","type-page","status-publish","hentry"],"aioseo_notices":[],"uagb_featured_image_src":{"full":false,"thumbnail":false,"medium":false,"medium_large":false,"large":false,"1536x1536":false,"2048x2048":false,"trp-custom-language-flag":false},"uagb_author_info":{"display_name":"komanijon372@gmail.com","author_link":"https:\/\/studio-monaliza.com\/en\/author\/komanijon372gmail-com\/"},"uagb_comment_info":0,"uagb_excerpt":"Rreth nesh\u200b Hapur nga viti 2000\u200b Vilma Komani Misioni T\u00eb ofrojm\u00eb sh\u00ebrbime bukurie dhe mir\u00ebqenieje me standarde t\u00eb larta, duke nxjerr\u00eb n\u00eb pah bukurin\u00eb unike t\u00eb \u00e7do klienti p\u00ebrmes kujdesit profesional, produkteve cil\u00ebsore dhe nj\u00eb atmosfere relaksuese. Vizioni T\u00eb b\u00ebhemi zgjedhja e par\u00eb p\u00ebr sh\u00ebrbime bukurie,&nbsp;t\u00eb njohur p\u00ebr inovacion, stil dhe kujdes t\u00eb personalizuar q\u00eb&hellip;","_links":{"self":[{"href":"https:\/\/studio-monaliza.com\/en\/wp-json\/wp\/v2\/pages\/218","targetHints":{"allow":["GET"]}}],"collection":[{"href":"https:\/\/studio-monaliza.com\/en\/wp-json\/wp\/v2\/pages"}],"about":[{"href":"https:\/\/studio-monaliza.com\/en\/wp-json\/wp\/v2\/types\/page"}],"author":[{"embeddable":true,"href":"https:\/\/studio-monaliza.com\/en\/wp-json\/wp\/v2\/users\/1"}],"replies":[{"embeddable":true,"href":"https:\/\/studio-monaliza.com\/en\/wp-json\/wp\/v2\/comments?post=218"}],"version-history":[{"count":9,"href":"https:\/\/studio-monaliza.com\/en\/wp-json\/wp\/v2\/pages\/218\/revisions"}],"predecessor-version":[{"id":1736,"href":"https:\/\/studio-monaliza.com\/en\/wp-json\/wp\/v2\/pages\/218\/revisions\/1736"}],"wp:attachment":[{"href":"https:\/\/studio-monaliza.com\/en\/wp-json\/wp\/v2\/media?parent=218"}],"curies":[{"name":"wp","href":"https:\/\/api.w.org\/{rel}","templated":true}]}}