{"id":217,"date":"2025-07-31T17:50:55","date_gmt":"2025-07-31T17:50:55","guid":{"rendered":"http:\/\/studio-monaliza.com\/home\/"},"modified":"2025-10-25T15:02:25","modified_gmt":"2025-10-25T15:02:25","slug":"home","status":"publish","type":"page","link":"https:\/\/studio-monaliza.com\/en\/","title":{"rendered":"Home"},"content":{"rendered":"<div class=\"wp-block-uagb-container uagb-block-07933978 alignfull uagb-is-root-container\"><div class=\"uagb-container-inner-blocks-wrap\">\n<div class=\"wp-block-uagb-info-box uagb-block-425cc6b4 uagb-infobox__content-wrap  uagb-infobox-icon-above-title uagb-infobox-image-valign-top\"><div class=\"uagb-ifb-content\"><div class=\"uagb-ifb-title-wrap\"><h2 class=\"uagb-ifb-title-prefix\">Discover your beauty!<\/h2><h1 class=\"uagb-ifb-title\">Studio Monaliza\u200b<\/h1><\/div><p class=\"uagb-ifb-desc\"><strong>In the heart of Gjakova, we care for your beauty and well-being with passion and dedication.<\/strong><\/p><\/div><\/div>\n\n\n\n<div class=\"wp-block-uagb-buttons uagb-buttons__outer-wrap uagb-btn__default-btn uagb-btn-tablet__default-btn uagb-btn-mobile__default-btn uagb-block-d1a4c53b\"><div class=\"uagb-buttons__wrap uagb-buttons-layout-wrap\">\n<div class=\"wp-block-uagb-buttons-child uagb-buttons__outer-wrap uagb-block-b49ff6e8 wp-block-button\"><div class=\"uagb-button__wrapper\"><a class=\"uagb-buttons-repeater wp-block-button__link\" aria-label=\"\" href=\"https:\/\/studio-monaliza.com\/en\/services\/\" rel=\"follow noopener\" target=\"_self\" role=\"button\"><div class=\"uagb-button__link\">Services<\/div><\/a><\/div><\/div>\n\n\n\n<div class=\"wp-block-uagb-buttons-child uagb-buttons__outer-wrap uagb-block-34aa6fc1 wp-block-button\"><div class=\"uagb-button__wrapper\"><a class=\"uagb-buttons-repeater wp-block-button__link\" aria-label=\"\" href=\"https:\/\/studio-monaliza.com\/en\/about\/\" rel=\"follow noopener\" target=\"_self\" role=\"button\"><div class=\"uagb-button__link\">About Us<\/div><\/a><\/div><\/div>\n<\/div><\/div>\n<\/div><\/div>\n\n\n\n<div class=\"wp-block-uagb-container uagb-block-f5f6dd76 alignfull uagb-is-root-container\"><div class=\"uagb-container-inner-blocks-wrap\">\n<div class=\"wp-block-uagb-container uagb-block-f0901f80\">\n<div class=\"wp-block-uagb-advanced-heading uagb-block-60f85146\"><h2 class=\"uagb-heading-text\">Haircut<\/h2><\/div>\n<\/div>\n\n\n\n<div class=\"wp-block-uagb-container uag-hide-mob uagb-block-8bec022e\">\n<div class=\"wp-block-uagb-advanced-heading uagb-block-584e9656\"><h2 class=\"uagb-heading-text\">Hair Color<\/h2><\/div>\n<\/div>\n\n\n\n<div class=\"wp-block-uagb-container uagb-block-3730b25c\">\n<div class=\"wp-block-uagb-advanced-heading uagb-block-2fc154d2\"><h2 class=\"uagb-heading-text\">Eyebrow Tattoo<\/h2><\/div>\n<\/div>\n<\/div><\/div>\n\n\n\n<div class=\"wp-block-uagb-container uagb-block-1bde4796 alignfull uagb-is-root-container\"><div class=\"uagb-container-inner-blocks-wrap\">\n<div class=\"wp-block-uagb-container uagb-block-4fdd2fbe\">\n<div class=\"wp-block-uagb-advanced-heading uagb-block-77a84ac7\"><h2 class=\"uagb-heading-text\">Lip Tattoo<\/h2><\/div>\n<\/div>\n\n\n\n<div class=\"wp-block-uagb-container uagb-block-1e3326ec\">\n<div class=\"wp-block-uagb-advanced-heading uagb-block-7bf750c4\"><h2 class=\"uagb-heading-text\">Make Up<\/h2><\/div>\n<\/div>\n\n\n\n<div class=\"wp-block-uagb-container uagb-block-420f25f6\">\n<div class=\"wp-block-uagb-advanced-heading uagb-block-0425a8d5\"><h2 class=\"uagb-heading-text\">HairStyle<\/h2><\/div>\n<\/div>\n<\/div><\/div>\n\n\n\n<div class=\"wp-block-uagb-container uag-hide-mob uagb-block-2da0284d alignfull uagb-is-root-container\"><div class=\"uagb-container-inner-blocks-wrap\">\n<div class=\"wp-block-uagb-container uagb-block-d7782f7d\">\n<div class=\"wp-block-uagb-advanced-heading uagb-block-3e48d7d2\"><h2 class=\"uagb-heading-text\">Blow Out<\/h2><\/div>\n<\/div>\n\n\n\n<div class=\"wp-block-uagb-container uagb-block-a1e5136d\">\n<div class=\"wp-block-uagb-advanced-heading uagb-block-c936a6d1\"><h2 class=\"uagb-heading-text\">Shatir<\/h2><\/div>\n<\/div>\n\n\n\n<div class=\"wp-block-uagb-container uagb-block-c0fb52fe\">\n<div class=\"wp-block-uagb-advanced-heading uagb-block-0bd54675\"><h2 class=\"uagb-heading-text\">Hair washing<\/h2><\/div>\n<\/div>\n<\/div><\/div>\n\n\n\n<div class=\"wp-block-uagb-container uagb-block-bf299d96 alignfull uagb-is-root-container\"><div class=\"uagb-container-inner-blocks-wrap\">\n<div class=\"wp-block-uagb-container uagb-block-1f53897a\">\n<div class=\"wp-block-uagb-advanced-heading uagb-block-7dfae9e0\"><h2 class=\"uagb-heading-text\">Extensions<\/h2><\/div>\n<\/div>\n\n\n\n<div class=\"wp-block-uagb-container uag-hide-mob uagb-block-531dcfce\">\n<div class=\"wp-block-uagb-advanced-heading uagb-block-9047c6de\"><h2 class=\"uagb-heading-text\">Manicure<\/h2><\/div>\n<\/div>\n\n\n\n<div class=\"wp-block-uagb-container uag-hide-mob uagb-block-2612e572\">\n<div class=\"wp-block-uagb-advanced-heading uagb-block-104508f8\"><h2 class=\"uagb-heading-text\">Pedicure<\/h2><\/div>\n<\/div>\n<\/div><\/div>\n\n\n\n<div class=\"wp-block-uagb-container uagb-layout-grid uagb-block-71f7405a alignfull uagb-is-root-container\"><div class=\"uagb-container-inner-blocks-wrap\">\n<div class=\"wp-block-uagb-advanced-heading uagb-block-e669451d\"><h2 class=\"uagb-heading-text\">\u200bProfessional Services<\/h2><\/div>\n\n\n\n<div class=\"wp-block-uagb-info-box uagb-block-0e5f7db4 uagb-infobox__content-wrap  uagb-infobox-icon-above-title uagb-infobox-image-valign-top\"><div class=\"uagb-ifb-content\"><div class=\"uagb-ifb-title-wrap\"><\/div><p class=\"uagb-ifb-desc\">Your style speaks louder than words. Here, every detail matters.<br>&nbsp;\u2728<strong>Haircut, care &amp; coloring<\/strong>&nbsp;\u2013 Hair that expresses your style.<br>\ud83d\udc84&nbsp;<strong>Permanent makeup <\/strong>&nbsp;Wake up naturally beautiful.<br>\ud83d\udc87\u200d\u2640\ufe0f&nbsp;<strong>Wash &amp; Style<\/strong>&nbsp;- Softness, shine, and long-lasting volume.<br>\ud83d\udc85&nbsp;<strong>Manicure &amp; pedicure<\/strong>&nbsp;\u2013 Beautiful nails, always perfect.<br>\ud83d\udc41\ufe0f<strong>Lashes &amp; extensions<\/strong>&nbsp;\u2013 Eyes that draw attention.<br>\ud83d\udc44<strong>Professional makeup<\/strong>&nbsp;\u2013 From everyday beauty to special occasions.<\/p><div class=\"uagb-ifb-button-wrapper wp-block-button\"><a href=\"https:\/\/studio-monaliza.com\/en\/about\/\" class=\"uagb-infobox-cta-link ast-outline-button\" target=\"_self\" rel=\"noopener noreferrer\" style=\"border-width:revert-layer\" onclick=\"return true;\"><span class=\"uagb-inline-editing\">More \u2013 About us<\/span><\/a><\/div><\/div><\/div>\n<\/div><\/div>\n\n\n\n<div class=\"wp-block-uagb-container uagb-block-737cf484 alignfull uagb-is-root-container\"><div class=\"uagb-container-inner-blocks-wrap\">\n<div class=\"wp-block-uagb-info-box uagb-block-a1136e67 uagb-infobox__content-wrap  uagb-infobox-icon-above-title uagb-infobox-image-valign-top\"><div class=\"uagb-ifb-content\"><div class=\"uagb-ifb-title-wrap\"><h2 class=\"uagb-ifb-title\">Book Now!<\/h2><\/div><p class=\"uagb-ifb-desc\">Choose the service that reflects your beauty \u2013 from stylish cuts to rejuvenating treatments \u2013 and let us pamper you in every detail.<\/p><div class=\"uagb-ifb-button-wrapper wp-block-button\"><a href=\"https:\/\/studio-monaliza.com\/en\/kontakt\/\" class=\"uagb-infobox-cta-link wp-block-button__link\" target=\"_self\" rel=\"noopener noreferrer\" onclick=\"return true;\"><span class=\"uagb-inline-editing\">Contact<\/span><\/a><\/div><\/div><\/div>\n<\/div><\/div>\n\n\n\n<div class=\"wp-block-uagb-container uagb-block-1058f2ae alignfull uagb-is-root-container\"><div class=\"uagb-container-inner-blocks-wrap\">\n<div class=\"wp-block-uagb-testimonial uagb-slick-carousel uagb-tm__arrow-outside uagb-block-41c9dfbd\"><div class=\"is-carousel uagb-tm__columns-1 uagb-tm__items\"><div class=\"uagb-testimonial__wrap  uagb-tm__imgicon-style-circle uagb-tm__image-position-bottom uagb-tm__bg-type-none\"><div class=\"uagb-tm__content\"><div class=\"uagb-tm__overlay\"><\/div><div class=\"uagb-tm__text-wrap\"><div class=\"uagb-tm__desc\">Done my wife\u2019s hair so beautiful. Very Greeat services and friendly staff.<\/div><div class=\"uagb-tm__meta-inner\"><div class=\"uagb-testimonial-details\"><span class=\"uagb-tm__author-name\">Diamant. Jr <\/span><span class=\"uagb-tm__company\">Company Name<\/span><\/div><\/div><\/div><\/div><\/div><div class=\"uagb-testimonial__wrap  uagb-tm__imgicon-style-circle uagb-tm__image-position-bottom uagb-tm__bg-type-none\"><div class=\"uagb-tm__content\"><div class=\"uagb-tm__overlay\"><\/div><div class=\"uagb-tm__text-wrap\"><div class=\"uagb-tm__desc\">I&#8217;m here from the USA, visiting Kosovo! My sister-in-law took me here to Monaliza. I was very impressed with how nice the salon is. Communication was a little hard, but Jola can interpret! Overall, I had a great experience; my hair looks good! The color they used matched perfectly with my long hair! I&#8217;ll be back again when I&#8217;m in Kosovo!\ud83d\udc4d\ud83d\ude4f\ud83c\uddfa\ud83c\uddf2<\/div><div class=\"uagb-tm__meta-inner\"><div class=\"uagb-testimonial-details\"><span class=\"uagb-tm__author-name\">Rosemarie Berisha <\/span><span class=\"uagb-tm__company\"><\/span><\/div><\/div><\/div><\/div><\/div><div class=\"uagb-testimonial__wrap  uagb-tm__imgicon-style-circle uagb-tm__image-position-bottom uagb-tm__bg-type-none\"><div class=\"uagb-tm__content\"><div class=\"uagb-tm__overlay\"><\/div><div class=\"uagb-tm__text-wrap\"><div class=\"uagb-tm__desc\">One of the best Beauty Salons in town. Amazing service, great beauty results and a very nice staff.<\/div><div class=\"uagb-tm__meta-inner\"><div class=\"uagb-testimonial-details\"><span class=\"uagb-tm__author-name\">Valera. G <\/span><span class=\"uagb-tm__company\">Company Name<\/span><\/div><\/div><\/div><\/div><\/div><\/div><\/div>\n<\/div><\/div>\n\n\n\n<p><\/p>","protected":false},"excerpt":{"rendered":"<p>Prerje flok\u00ebsh Ngjyrosje flok\u00ebsh Eyebrow Tattoo Lip Tattoo Make Up Frizura Fenerim Shatir Larje flok\u00ebsh Extensions Manicure Pedicure \u200bSherbime Profesionale<\/p>","protected":false},"author":1,"featured_media":0,"parent":0,"menu_order":0,"comment_status":"closed","ping_status":"closed","template":"","meta":{"_uag_custom_page_level_css":"","site-sidebar-layout":"no-sidebar","site-content-layout":"plain-container","ast-site-content-layout":"full-width-container","site-content-style":"unboxed","site-sidebar-style":"unboxed","ast-global-header-display":"","ast-banner-title-visibility":"","ast-main-header-display":"","ast-hfb-above-header-display":"","ast-hfb-below-header-display":"","ast-hfb-mobile-header-display":"","site-post-title":"disabled","ast-breadcrumbs-content":"","ast-featured-img":"disabled","footer-sml-layout":"","theme-transparent-header-meta":"enabled","adv-header-id-meta":"","stick-header-meta":"","header-above-stick-meta":"","header-main-stick-meta":"","header-below-stick-meta":"","astra-migrate-meta-layouts":"set","ast-page-background-enabled":"default","ast-page-background-meta":{"desktop":{"background-color":"","background-image":"","background-repeat":"repeat","background-position":"center center","background-size":"auto","background-attachment":"scroll","background-type":"","background-media":"","overlay-type":"","overlay-color":"","overlay-opacity":"","overlay-gradient":""},"tablet":{"background-color":"","background-image":"","background-repeat":"repeat","background-position":"center center","background-size":"auto","background-attachment":"scroll","background-type":"","background-media":"","overlay-type":"","overlay-color":"","overlay-opacity":"","overlay-gradient":""},"mobile":{"background-color":"","background-image":"","background-repeat":"repeat","background-position":"center center","background-size":"auto","background-attachment":"scroll","background-type":"","background-media":"","overlay-type":"","overlay-color":"","overlay-opacity":"","overlay-gradient":""}},"ast-content-background-meta":{"desktop":{"background-color":"var(--ast-global-color-5)","background-image":"","background-repeat":"repeat","background-position":"center center","background-size":"auto","background-attachment":"scroll","background-type":"","background-media":"","overlay-type":"","overlay-color":"","overlay-opacity":"","overlay-gradient":""},"tablet":{"background-color":"var(--ast-global-color-5)","background-image":"","background-repeat":"repeat","background-position":"center center","background-size":"auto","background-attachment":"scroll","background-type":"","background-media":"","overlay-type":"","overlay-color":"","overlay-opacity":"","overlay-gradient":""},"mobile":{"background-color":"var(--ast-global-color-5)","background-image":"","background-repeat":"repeat","background-position":"center center","background-size":"auto","background-attachment":"scroll","background-type":"","background-media":"","overlay-type":"","overlay-color":"","overlay-opacity":"","overlay-gradient":""}},"footnotes":""},"class_list":["post-217","page","type-page","status-publish","hentry"],"aioseo_notices":[],"uagb_featured_image_src":{"full":false,"thumbnail":false,"medium":false,"medium_large":false,"large":false,"1536x1536":false,"2048x2048":false,"trp-custom-language-flag":false},"uagb_author_info":{"display_name":"komanijon372@gmail.com","author_link":"https:\/\/studio-monaliza.com\/en\/author\/komanijon372gmail-com\/"},"uagb_comment_info":0,"uagb_excerpt":"Prerje flok\u00ebsh Ngjyrosje flok\u00ebsh Eyebrow Tattoo Lip Tattoo Make Up Frizura Fenerim Shatir Larje flok\u00ebsh Extensions Manicure Pedicure \u200bSherbime Profesionale","_links":{"self":[{"href":"https:\/\/studio-monaliza.com\/en\/wp-json\/wp\/v2\/pages\/217","targetHints":{"allow":["GET"]}}],"collection":[{"href":"https:\/\/studio-monaliza.com\/en\/wp-json\/wp\/v2\/pages"}],"about":[{"href":"https:\/\/studio-monaliza.com\/en\/wp-json\/wp\/v2\/types\/page"}],"author":[{"embeddable":true,"href":"https:\/\/studio-monaliza.com\/en\/wp-json\/wp\/v2\/users\/1"}],"replies":[{"embeddable":true,"href":"https:\/\/studio-monaliza.com\/en\/wp-json\/wp\/v2\/comments?post=217"}],"version-history":[{"count":54,"href":"https:\/\/studio-monaliza.com\/en\/wp-json\/wp\/v2\/pages\/217\/revisions"}],"predecessor-version":[{"id":1928,"href":"https:\/\/studio-monaliza.com\/en\/wp-json\/wp\/v2\/pages\/217\/revisions\/1928"}],"wp:attachment":[{"href":"https:\/\/studio-monaliza.com\/en\/wp-json\/wp\/v2\/media?parent=217"}],"curies":[{"name":"wp","href":"https:\/\/api.w.org\/{rel}","templated":true}]}}